{"id":17149,"date":"2020-03-02T23:33:27","date_gmt":"2020-03-02T23:33:27","guid":{"rendered":"https:\/\/demo01.houzez.co\/?page_id=17149"},"modified":"2026-01-21T10:09:19","modified_gmt":"2026-01-21T10:09:19","slug":"ivertinti-nt-kaina","status":"publish","type":"page","link":"https:\/\/www.rumvi.lt\/en\/ivertinti-nt-kaina\/","title":{"rendered":"NT paie\u0161kos forma"},"content":{"rendered":"<div data-elementor-type=\"wp-page\" data-elementor-id=\"17149\" class=\"elementor elementor-17149\">\n\t\t\t\t\t\t<section class=\"elementor-section elementor-top-section elementor-element elementor-element-5ec2734 elementor-section-boxed elementor-section-height-default elementor-section-height-default\" data-id=\"5ec2734\" data-element_type=\"section\" data-e-type=\"section\" data-settings=\"{&quot;background_background&quot;:&quot;classic&quot;}\">\n\t\t\t\t\t\t\t<div class=\"elementor-background-overlay\"><\/div>\n\t\t\t\t\t\t\t<div class=\"elementor-container elementor-column-gap-default\">\n\t\t\t\t\t<div class=\"elementor-column elementor-col-100 elementor-top-column elementor-element elementor-element-e1bd41f\" data-id=\"e1bd41f\" data-element_type=\"column\" data-e-type=\"column\">\n\t\t\t<div class=\"elementor-widget-wrap elementor-element-populated\">\n\t\t\t\t\t\t<div class=\"elementor-element elementor-element-49cbafe elementor-widget elementor-widget-houzez_elementor_space\" data-id=\"49cbafe\" data-element_type=\"widget\" data-e-type=\"widget\" data-widget_type=\"houzez_elementor_space.default\">\n\t\t\t\t<div class=\"elementor-widget-container\">\n\t\t\t\t\t        <div class=\"houzez-spacer\">\n            <div class=\"houzez-spacer-inner\"><\/div>\n        <\/div>\n        \t\t\t\t<\/div>\n\t\t\t\t<\/div>\n\t\t\t\t<section class=\"elementor-section elementor-inner-section elementor-element elementor-element-6efd58c animated-slow elementor-section-boxed elementor-section-height-default elementor-section-height-default elementor-invisible\" data-id=\"6efd58c\" data-element_type=\"section\" data-e-type=\"section\" data-settings=\"{&quot;background_background&quot;:&quot;classic&quot;,&quot;animation&quot;:&quot;fadeIn&quot;}\">\n\t\t\t\t\t\t<div class=\"elementor-container elementor-column-gap-no\">\n\t\t\t\t\t<div class=\"elementor-column elementor-col-100 elementor-inner-column elementor-element elementor-element-856004d\" data-id=\"856004d\" data-element_type=\"column\" data-e-type=\"column\">\n\t\t\t<div class=\"elementor-widget-wrap elementor-element-populated\">\n\t\t\t\t\t\t<div class=\"elementor-element elementor-element-8ff1404 elementor-widget elementor-widget-text-editor\" data-id=\"8ff1404\" data-element_type=\"widget\" data-e-type=\"widget\" data-widget_type=\"text-editor.default\">\n\t\t\t\t<div class=\"elementor-widget-container\">\n\t\t\t\t\t\t\t\t\t<h4 style=\"text-align: center;\"><span style=\"color: #4b0537;\">SU\u017dINOKITE SAVO TURTO RINKOS KAIN\u0104 IR PARDAVIMO GALIMYBES<\/span><\/h4><p data-path-to-node=\"4\">Planuojate parduoti b\u016bst\u0105 ar investicin\u012f objekt\u0105, bet ie\u0161kote patikimo partnerio? U\u017epildykite \u0161i\u0105 form\u0105 \u2013 \u012fsigilinsime \u012f J\u016bs\u0173 situacij\u0105 ir pasi\u016blysime sprendim\u0105, kuris u\u017etikrins maksimali\u0105 kain\u0105 bei J\u016bs\u0173 ramyb\u0119.<\/p><ul><li data-path-to-node=\"5\"><b data-path-to-node=\"5\" data-index-in-node=\"2\">Individualus po\u017ei\u016bris:<\/b> kiekvienas objektas mums yra unikalus projektas.<\/li><li data-path-to-node=\"5\"><b data-path-to-node=\"5\" data-index-in-node=\"76\">Partneryst\u0117:<\/b> dirbame su J\u016bs\u0173 turtu taip atsakingai, lyg parduotume savo.<\/li><\/ul><p style=\"text-align: center;\" data-path-to-node=\"6\"><span style=\"color: #4b0537;\"><b data-path-to-node=\"6\" data-index-in-node=\"0\">Gaukite profesionali\u0105 \u012f\u017evalg\u0105 jau dabar. Pa\u017eadame \u2013 i\u0161girsime, patarsime ir pad\u0117sime pasiekti geriausi\u0105 rezultat\u0105.<\/b><\/span><\/p>\t\t\t\t\t\t\t\t<\/div>\n\t\t\t\t<\/div>\n\t\t\t\t<div class=\"elementor-element elementor-element-42f882c elementor-button-align-stretch elementor-widget elementor-widget-houzez_elementor_inquiry_form\" data-id=\"42f882c\" data-element_type=\"widget\" data-e-type=\"widget\" data-widget_type=\"houzez_elementor_inquiry_form.default\">\n\t\t\t\t<div class=\"elementor-widget-container\">\n\t\t\t\t\t\n        <script type=\"application\/javascript\">\n            jQuery(document).bind(\"ready\", function () {\n                houzezValidateElementor(\"#houzez-form-42f882c\" );\n            });\n        <\/script>\n\n\n        <form class=\"elementor-form houzez-ele-form-js\" id=\"houzez-form-42f882c\" method=\"post\" name=\"U\u017eklausos forma\" action=\"https:\/\/www.rumvi.lt\/wp-admin\/admin-ajax.php\">\n            <input type=\"hidden\" name=\"form_id\" value=\"42f882c\"\/>\n            <input type=\"hidden\" name=\"action\" value=\"houzez_ele_inquiry_form\" \/>\n            <input type=\"hidden\" name=\"source_link\" value=\"https:\/\/www.rumvi.lt\/en\/ivertinti-nt-kaina\/\" \/>\n            <input type=\"hidden\" name=\"lead_page_id\" value=\"17149\" \/>\n            <input type=\"hidden\" name=\"is_estimation\" value=\"yes\" \/>\n            <input type=\"hidden\" name=\"webhook\" value=\"false\" \/>\n            <input type=\"hidden\" name=\"webhook_url\" value=\"\" \/>\n            <input type=\"hidden\" name=\"redirect_to\" value=\"\" \/>\n            <input type=\"hidden\" name=\"google_recaptcha\" value=\"yes\" \/>\n\n            <div class=\"elementor-form-fields-wrapper elementor-labels-above\">\n\n                                    <div class=\"elementor-field-group elementor-column form-group elementor-field-group-ba6c34c elementor-col-100 elementor-sm-100 elementor-field-required\">\n                    <label for=\"form-field-ba6c34c\" class=\"elementor-field-label\">Type of enquiry<\/label>        <div class=\"elementor-field elementor-select-wrapper\">\n            <select name=\"enquiry_type\" id=\"form-field-ba6c34c\" class=\"elementor-field-textual form-control elementor-size-md\" required=\"required\" title=\"* Query type\">\n                <option value=\"\">Choose<\/option><option value=\"Parduodu NT\">Parduodu NT<\/value><option value=\"Ie\u0161kau pirkti NT\"> Ie\u0161kau pirkti NT<\/value><option value=\"Nuomoju NT\"> Nuomoju NT<\/value><option value=\"Ie\u0161kau I\u0161sinuomoti\"> Ie\u0161kau I\u0161sinuomoti<\/value><option value=\"Reikalingas NT vertinimas\"> Reikalingas NT vertinimas<\/value><option value=\"NT dovanojimas\"> NT dovanojimas<\/value><option value=\"NT paveld\u0117jimas\">  NT paveld\u0117jimas<\/value>            <\/select>\n        <\/div>\n                            <\/div>\n\n                                        <div class=\"elementor-field-group elementor-column form-group elementor-field-group-cc6b92f elementor-col-50 elementor-field-required\">\n                    <label for=\"form-field-cc6b92f\" class=\"elementor-field-label\">Your name<\/label><input type=\"text\" name=\"first_name\" id=\"form-field-cc6b92f\" class=\"elementor-field form-control elementor-size-md elementor-field-textual\" placeholder=\"Your name\" title=\"* Your name\" required=\"required\">                    <\/div>\n\n                                        <div class=\"elementor-field-group elementor-column form-group elementor-field-group-932d82c elementor-col-50 elementor-field-required\">\n                    <label for=\"form-field-932d82c\" class=\"elementor-field-label\">Email<\/label><input type=\"email\" name=\"email\" id=\"form-field-932d82c\" class=\"elementor-field form-control elementor-size-md elementor-field-textual\" placeholder=\"Your email address\" title=\"* Email\" required=\"required\">                    <\/div>\n\n                                        <div class=\"elementor-field-group elementor-column form-group elementor-field-group-304b68f elementor-col-50 elementor-field-required\">\n                    <label for=\"form-field-304b68f\" class=\"elementor-field-label\">Mob. number<\/label><input type=\"text\" name=\"mobile\" id=\"form-field-304b68f\" class=\"elementor-field form-control elementor-size-md elementor-field-textual\" placeholder=\"Your mobile number\" title=\"* Mobile number\" required=\"required\">                    <\/div>\n\n                                        <div class=\"elementor-field-group elementor-column form-group elementor-field-group-8609dc1 elementor-col-50\">\n                    <label for=\"form-field-8609dc1\" class=\"elementor-field-label\">City<\/label><input type=\"text\" name=\"last_name\" id=\"form-field-8609dc1\" class=\"elementor-field form-control elementor-size-md elementor-field-textual\" placeholder=\"\u012era\u0161ykite\" title=\"* Miestas\">                    <\/div>\n\n                                        <div class=\"elementor-field-group elementor-column form-group elementor-field-group-95c61a9 elementor-col-100\">\n                    <label for=\"form-field-95c61a9\" class=\"elementor-field-label\">Message to<\/label><textarea class=\"elementor-field-textual elementor-field elementor-size-md\" name=\"message\" id=\"form-field-95c61a9\" rows=\"4\" placeholder=\"J\u016bs\u0173 Istorija\"><\/textarea>                    <\/div>\n\n                    \n                    \n                                        <div class=\"houzez-gdpr-agreement elementor-field-group elementor-col-100\">\n                        <label for=\"gdpr_agreement\" class=\"elementor-field-label\">GDPR Treaty<\/label>\n                        <div class=\"gdpr-agreement-subgroup\">\n                            <span class=\"gdpr-field-option\">\n                                <label class=\"gdpr-text\" for=\"gdpr_agreement\">\n                                    <input required type=\"checkbox\" title=\"* GDPR Treaty\" name=\"gdpr_agreement\" id=\"gdpr_agreement\">  I agree that this website will store the information I provide                                <\/label>\n                            <\/span>\n                        <\/div>             \n                    <\/div>\n                    \n                                        <div class=\"\">\n                                            <\/div>\n                    \n                    <div class=\"elementor-field-group elementor-column elementor-field-type-submit elementor-col-100\">\n                    <button type=\"submit\" class=\"houzez-submit-button houzez-contact-form-js elementor-button elementor-size-md\">\n                        <i class=\"btn-loader houzez-loader-js\"><\/i>\n                                                    Contact                                            <\/button>\n                <\/div>\n            <\/div><!-- End wrapper-->\n            <br\/>\n            <div class=\"ele-form-messages\"><\/div>\n            <div class=\"error-container\"><\/div>\n\n        <\/form>\n\n    \t\t\t\t<\/div>\n\t\t\t\t<\/div>\n\t\t\t\t\t<\/div>\n\t\t<\/div>\n\t\t\t\t\t<\/div>\n\t\t<\/section>\n\t\t\t\t<div class=\"elementor-element elementor-element-eb5dd10 elementor-widget elementor-widget-spacer\" data-id=\"eb5dd10\" data-element_type=\"widget\" data-e-type=\"widget\" data-widget_type=\"spacer.default\">\n\t\t\t\t<div class=\"elementor-widget-container\">\n\t\t\t\t\t\t\t<div class=\"elementor-spacer\">\n\t\t\t<div class=\"elementor-spacer-inner\"><\/div>\n\t\t<\/div>\n\t\t\t\t\t\t<\/div>\n\t\t\t\t<\/div>\n\t\t\t\t\t<\/div>\n\t\t<\/div>\n\t\t\t\t\t<\/div>\n\t\t<\/section>\n\t\t\t\t<\/div>","protected":false},"excerpt":{"rendered":"<p>SU\u017dINOKITE SAVO TURTO RINKOS KAIN\u0104 IR PARDAVIMO GALIMYBES Planuojate parduoti b\u016bst\u0105 ar investicin\u012f objekt\u0105, bet ie\u0161kote patikimo partnerio? U\u017epildykite \u0161i\u0105 form\u0105 \u2013 \u012fsigilinsime \u012f J\u016bs\u0173 situacij\u0105 ir pasi\u016blysime sprendim\u0105, kuris u\u017etikrins maksimali\u0105 kain\u0105 bei J\u016bs\u0173 ramyb\u0119. Individualus po\u017ei\u016bris: kiekvienas objektas mums yra unikalus projektas. Partneryst\u0117: dirbame su J\u016bs\u0173 turtu taip atsakingai, lyg parduotume savo. Gaukite [&hellip;]<\/p>\n","protected":false},"author":1,"featured_media":0,"parent":0,"menu_order":0,"comment_status":"closed","ping_status":"closed","template":"template\/template-homepage.php","meta":{"footnotes":""},"class_list":["post-17149","page","type-page","status-publish","hentry"],"yoast_head":"<!-- This site is optimized with the Yoast SEO plugin v27.4 - https:\/\/yoast.com\/product\/yoast-seo-wordpress\/ -->\n<title>NT paie\u0161kos forma - Rumvi<\/title>\n<meta name=\"robots\" content=\"index, follow, max-snippet:-1, max-image-preview:large, max-video-preview:-1\" \/>\n<link rel=\"canonical\" href=\"https:\/\/www.rumvi.lt\/en\/ivertinti-nt-kaina\/\" \/>\n<meta property=\"og:locale\" content=\"en_US\" \/>\n<meta property=\"og:type\" content=\"article\" \/>\n<meta property=\"og:title\" content=\"NT paie\u0161kos forma - Rumvi\" \/>\n<meta property=\"og:description\" content=\"SU\u017dINOKITE SAVO TURTO RINKOS KAIN\u0104 IR PARDAVIMO GALIMYBES Planuojate parduoti b\u016bst\u0105 ar investicin\u012f objekt\u0105, bet ie\u0161kote patikimo partnerio? U\u017epildykite \u0161i\u0105 form\u0105 \u2013 \u012fsigilinsime \u012f J\u016bs\u0173 situacij\u0105 ir pasi\u016blysime sprendim\u0105, kuris u\u017etikrins maksimali\u0105 kain\u0105 bei J\u016bs\u0173 ramyb\u0119. Individualus po\u017ei\u016bris: kiekvienas objektas mums yra unikalus projektas. Partneryst\u0117: dirbame su J\u016bs\u0173 turtu taip atsakingai, lyg parduotume savo. Gaukite [&hellip;]\" \/>\n<meta property=\"og:url\" content=\"https:\/\/www.rumvi.lt\/en\/ivertinti-nt-kaina\/\" \/>\n<meta property=\"og:site_name\" content=\"Rumvi\" \/>\n<meta property=\"article:publisher\" content=\"https:\/\/www.facebook.com\/rumvint\" \/>\n<meta property=\"article:modified_time\" content=\"2026-01-21T10:09:19+00:00\" \/>\n<meta name=\"twitter:card\" content=\"summary_large_image\" \/>\n<meta name=\"twitter:label1\" content=\"Est. reading time\" \/>\n\t<meta name=\"twitter:data1\" content=\"1 minute\" \/>\n<script type=\"application\/ld+json\" class=\"yoast-schema-graph\">{\"@context\":\"https:\\\/\\\/schema.org\",\"@graph\":[{\"@type\":\"WebPage\",\"@id\":\"https:\\\/\\\/www.rumvi.lt\\\/ivertinti-nt-kaina\\\/\",\"url\":\"https:\\\/\\\/www.rumvi.lt\\\/ivertinti-nt-kaina\\\/\",\"name\":\"NT paie\u0161kos forma - Rumvi\",\"isPartOf\":{\"@id\":\"https:\\\/\\\/www.rumvi.lt\\\/#website\"},\"datePublished\":\"2020-03-02T23:33:27+00:00\",\"dateModified\":\"2026-01-21T10:09:19+00:00\",\"breadcrumb\":{\"@id\":\"https:\\\/\\\/www.rumvi.lt\\\/ivertinti-nt-kaina\\\/#breadcrumb\"},\"inLanguage\":\"en-US\",\"potentialAction\":[{\"@type\":\"ReadAction\",\"target\":[\"https:\\\/\\\/www.rumvi.lt\\\/ivertinti-nt-kaina\\\/\"]}]},{\"@type\":\"BreadcrumbList\",\"@id\":\"https:\\\/\\\/www.rumvi.lt\\\/ivertinti-nt-kaina\\\/#breadcrumb\",\"itemListElement\":[{\"@type\":\"ListItem\",\"position\":1,\"name\":\"Home\",\"item\":\"https:\\\/\\\/www.rumvi.lt\\\/\"},{\"@type\":\"ListItem\",\"position\":2,\"name\":\"NT paie\u0161kos forma\"}]},{\"@type\":\"WebSite\",\"@id\":\"https:\\\/\\\/www.rumvi.lt\\\/#website\",\"url\":\"https:\\\/\\\/www.rumvi.lt\\\/\",\"name\":\"Rumvi\",\"description\":\"Nekilnojamojo turto agent\u016bra\",\"publisher\":{\"@id\":\"https:\\\/\\\/www.rumvi.lt\\\/#organization\"},\"potentialAction\":[{\"@type\":\"SearchAction\",\"target\":{\"@type\":\"EntryPoint\",\"urlTemplate\":\"https:\\\/\\\/www.rumvi.lt\\\/?s={search_term_string}\"},\"query-input\":{\"@type\":\"PropertyValueSpecification\",\"valueRequired\":true,\"valueName\":\"search_term_string\"}}],\"inLanguage\":\"en-US\"},{\"@type\":\"Organization\",\"@id\":\"https:\\\/\\\/www.rumvi.lt\\\/#organization\",\"name\":\"Rumvi\",\"url\":\"https:\\\/\\\/www.rumvi.lt\\\/\",\"logo\":{\"@type\":\"ImageObject\",\"inLanguage\":\"en-US\",\"@id\":\"https:\\\/\\\/www.rumvi.lt\\\/#\\\/schema\\\/logo\\\/image\\\/\",\"url\":\"https:\\\/\\\/www.rumvi.lt\\\/wp-content\\\/uploads\\\/2025\\\/04\\\/Logo_geras-removebg-preview-1.png\",\"contentUrl\":\"https:\\\/\\\/www.rumvi.lt\\\/wp-content\\\/uploads\\\/2025\\\/04\\\/Logo_geras-removebg-preview-1.png\",\"width\":250,\"height\":60,\"caption\":\"Rumvi\"},\"image\":{\"@id\":\"https:\\\/\\\/www.rumvi.lt\\\/#\\\/schema\\\/logo\\\/image\\\/\"},\"sameAs\":[\"https:\\\/\\\/www.facebook.com\\\/rumvint\"]}]}<\/script>\n<!-- \/ Yoast SEO plugin. -->","yoast_head_json":{"title":"NT paie\u0161kos forma - Rumvi","robots":{"index":"index","follow":"follow","max-snippet":"max-snippet:-1","max-image-preview":"max-image-preview:large","max-video-preview":"max-video-preview:-1"},"canonical":"https:\/\/www.rumvi.lt\/en\/ivertinti-nt-kaina\/","og_locale":"en_US","og_type":"article","og_title":"NT paie\u0161kos forma - Rumvi","og_description":"SU\u017dINOKITE SAVO TURTO RINKOS KAIN\u0104 IR PARDAVIMO GALIMYBES Planuojate parduoti b\u016bst\u0105 ar investicin\u012f objekt\u0105, bet ie\u0161kote patikimo partnerio? U\u017epildykite \u0161i\u0105 form\u0105 \u2013 \u012fsigilinsime \u012f J\u016bs\u0173 situacij\u0105 ir pasi\u016blysime sprendim\u0105, kuris u\u017etikrins maksimali\u0105 kain\u0105 bei J\u016bs\u0173 ramyb\u0119. Individualus po\u017ei\u016bris: kiekvienas objektas mums yra unikalus projektas. Partneryst\u0117: dirbame su J\u016bs\u0173 turtu taip atsakingai, lyg parduotume savo. Gaukite [&hellip;]","og_url":"https:\/\/www.rumvi.lt\/en\/ivertinti-nt-kaina\/","og_site_name":"Rumvi","article_publisher":"https:\/\/www.facebook.com\/rumvint","article_modified_time":"2026-01-21T10:09:19+00:00","twitter_card":"summary_large_image","twitter_misc":{"Est. reading time":"1 minute"},"schema":{"@context":"https:\/\/schema.org","@graph":[{"@type":"WebPage","@id":"https:\/\/www.rumvi.lt\/ivertinti-nt-kaina\/","url":"https:\/\/www.rumvi.lt\/ivertinti-nt-kaina\/","name":"NT paie\u0161kos forma - Rumvi","isPartOf":{"@id":"https:\/\/www.rumvi.lt\/#website"},"datePublished":"2020-03-02T23:33:27+00:00","dateModified":"2026-01-21T10:09:19+00:00","breadcrumb":{"@id":"https:\/\/www.rumvi.lt\/ivertinti-nt-kaina\/#breadcrumb"},"inLanguage":"en-US","potentialAction":[{"@type":"ReadAction","target":["https:\/\/www.rumvi.lt\/ivertinti-nt-kaina\/"]}]},{"@type":"BreadcrumbList","@id":"https:\/\/www.rumvi.lt\/ivertinti-nt-kaina\/#breadcrumb","itemListElement":[{"@type":"ListItem","position":1,"name":"Home","item":"https:\/\/www.rumvi.lt\/"},{"@type":"ListItem","position":2,"name":"NT paie\u0161kos forma"}]},{"@type":"WebSite","@id":"https:\/\/www.rumvi.lt\/#website","url":"https:\/\/www.rumvi.lt\/","name":"Rumvi","description":"Real estate agency","publisher":{"@id":"https:\/\/www.rumvi.lt\/#organization"},"potentialAction":[{"@type":"SearchAction","target":{"@type":"EntryPoint","urlTemplate":"https:\/\/www.rumvi.lt\/?s={search_term_string}"},"query-input":{"@type":"PropertyValueSpecification","valueRequired":true,"valueName":"search_term_string"}}],"inLanguage":"en-US"},{"@type":"Organization","@id":"https:\/\/www.rumvi.lt\/#organization","name":"Rumvi","url":"https:\/\/www.rumvi.lt\/","logo":{"@type":"ImageObject","inLanguage":"en-US","@id":"https:\/\/www.rumvi.lt\/#\/schema\/logo\/image\/","url":"https:\/\/www.rumvi.lt\/wp-content\/uploads\/2025\/04\/Logo_geras-removebg-preview-1.png","contentUrl":"https:\/\/www.rumvi.lt\/wp-content\/uploads\/2025\/04\/Logo_geras-removebg-preview-1.png","width":250,"height":60,"caption":"Rumvi"},"image":{"@id":"https:\/\/www.rumvi.lt\/#\/schema\/logo\/image\/"},"sameAs":["https:\/\/www.facebook.com\/rumvint"]}]}},"_links":{"self":[{"href":"https:\/\/www.rumvi.lt\/en\/wp-json\/wp\/v2\/pages\/17149","targetHints":{"allow":["GET"]}}],"collection":[{"href":"https:\/\/www.rumvi.lt\/en\/wp-json\/wp\/v2\/pages"}],"about":[{"href":"https:\/\/www.rumvi.lt\/en\/wp-json\/wp\/v2\/types\/page"}],"author":[{"embeddable":true,"href":"https:\/\/www.rumvi.lt\/en\/wp-json\/wp\/v2\/users\/1"}],"replies":[{"embeddable":true,"href":"https:\/\/www.rumvi.lt\/en\/wp-json\/wp\/v2\/comments?post=17149"}],"version-history":[{"count":30,"href":"https:\/\/www.rumvi.lt\/en\/wp-json\/wp\/v2\/pages\/17149\/revisions"}],"predecessor-version":[{"id":19072,"href":"https:\/\/www.rumvi.lt\/en\/wp-json\/wp\/v2\/pages\/17149\/revisions\/19072"}],"wp:attachment":[{"href":"https:\/\/www.rumvi.lt\/en\/wp-json\/wp\/v2\/media?parent=17149"}],"curies":[{"name":"wp","href":"https:\/\/api.w.org\/{rel}","templated":true}]}}